{"id":81,"date":"2023-10-10T23:04:00","date_gmt":"2023-10-10T21:04:00","guid":{"rendered":"https:\/\/pro-darter.com\/news\/?page_id=81"},"modified":"2023-10-11T23:06:33","modified_gmt":"2023-10-11T21:06:33","slug":"politica-de-privacidad","status":"publish","type":"page","link":"http:\/\/pro-darter.com\/news\/politica-de-privacidad\/","title":{"rendered":"Pol\u00edtica de privacidad"},"content":{"rendered":"<p>En https:\/\/pro-darter.com, valoramos la privacidad de nuestros visitantes.<\/p>\n<p>En https:\/\/pro-darter.com, entendemos la importancia de proteger la privacidad de su informaci\u00f3n personal. A continuaci\u00f3n, encontrar\u00e1 informaci\u00f3n sobre el tipo de datos personales que recopilamos y utilizamos cuando visita https:\/\/pro-darter.com, as\u00ed como las medidas que tomamos para proteger su informaci\u00f3n. Tenga en cuenta que nunca vendemos su informaci\u00f3n personal a terceros.<\/p>\n<p>Archivos de registro<br \/>\nAl igual que muchos otros sitios web, recopilamos y utilizamos datos contenidos en archivos de registro. Estos archivos pueden incluir su direcci\u00f3n IP, el proveedor de servicios de Internet que utiliza (como AOL o Shaw Cable), el navegador que utiliz\u00f3 al visitar nuestro sitio (como Internet Explorer o Firefox), la hora de su visita y las p\u00e1ginas web que visit\u00f3 en nuestro sitio.<\/p>\n<p>Cookies y balizas web<br \/>\nUtilizamos cookies para almacenar informaci\u00f3n, como las preferencias personales cuando visita nuestro sitio web. Esto puede incluir la configuraci\u00f3n, como mostrar una ventana emergente una vez durante su visita o permitirle acceder a algunas de nuestras caracter\u00edsticas, como foros.<\/p>\n<p>Adem\u00e1s, tambi\u00e9n utilizamos servicios de anuncios de terceros para respaldar nuestro sitio web. Algunos de estos anunciantes pueden usar cookies y balizas web para mostrar anuncios cuando visita nuestro sitio. Estos anunciantes (como Google a trav\u00e9s del programa Google AdSense) pueden recopilar informaci\u00f3n, como su direcci\u00f3n IP, su proveedor de servicios de Internet, el navegador que utiliz\u00f3 para visitar nuestro sitio y, en algunos casos, si tiene Flash instalado. Esto se utiliza principalmente para fines de orientaci\u00f3n geogr\u00e1fica (por ejemplo, mostrar anuncios de hoteles en Nueva York a alguien que ha visitado sitios web relacionados con Nueva York) o para mostrar anuncios espec\u00edficos en funci\u00f3n de los sitios web que ha visitado (por ejemplo, mostrar anuncios de cocina a alguien que visita sitios web relacionados con la cocina).<\/p>\n<p>Cookies DoubleClick DART<br \/>\nTambi\u00e9n podemos utilizar cookies DoubleClick DART para mostrar anuncios a trav\u00e9s de Google DoubleClick. Estas cookies se colocar\u00e1n en su computadora cuando visite sitios web y utilice servicios de anuncios DoubleClick (incluidos algunos programas de Google AdSense). Estas cookies se utilizan para mostrar anuncios adaptados a sus intereses (\u00absegmentaci\u00f3n por categor\u00edas de intereses\u00bb) y seleccionar anuncios seg\u00fan su historial de navegaci\u00f3n (por ejemplo, si ha visitado sitios web relacionados con Las Vegas, es posible que vea anuncios de hoteles en Las Vegas cuando visite sitios web no relacionados, como sitios web de hockey). DART utiliza informaci\u00f3n que no lo identifica personalmente y no revela ni comparte informaci\u00f3n personal sobre usted, como su nombre, direcci\u00f3n de correo electr\u00f3nico, direcci\u00f3n f\u00edsica, n\u00famero de seguro social, n\u00famero de cuenta bancaria o n\u00famero de tarjeta de cr\u00e9dito.<\/p>\n<p>Puede optar por desactivar las cookies o las cookies de terceros en la configuraci\u00f3n de su navegador o mediante la administraci\u00f3n de preferencias en programas de seguridad, como Norton Internet Security. Sin embargo, esto puede afectar su capacidad para interactuar con nuestro sitio y otros sitios web, incluido el inicio de sesi\u00f3n en foros o cuentas.<\/p>\n<p>Eliminar cookies no significa necesariamente que est\u00e9 excluido permanentemente de ning\u00fan programa de publicidad. Adem\u00e1s, la exclusi\u00f3n voluntaria de la orientaci\u00f3n por categor\u00edas de intereses no impide que se coloquen nuevas cookies.<\/p>\n","protected":false},"excerpt":{"rendered":"<p>En https:\/\/pro-darter.com, valoramos la privacidad de nuestros visitantes. En https:\/\/pro-darter.com, entendemos la importancia de proteger la privacidad de su informaci\u00f3n personal. A continuaci\u00f3n, encontrar\u00e1 informaci\u00f3n sobre el tipo de datos personales que recopilamos y utilizamos cuando visita https:\/\/pro-darter.com, as\u00ed como las medidas que tomamos para proteger su informaci\u00f3n. Tenga en cuenta que nunca vendemos su&#8230;<\/p>\n","protected":false},"author":1,"featured_media":0,"parent":0,"menu_order":0,"comment_status":"closed","ping_status":"closed","template":"","meta":{"footnotes":""},"yoast_head":"<!-- This site is optimized with the Yoast SEO plugin v21.3 - https:\/\/yoast.com\/wordpress\/plugins\/seo\/ -->\n<title>Pol\u00edtica de privacidad<\/title>\n<meta name=\"robots\" content=\"index, follow, max-snippet:-1, max-image-preview:large, max-video-preview:-1\" \/>\n<link rel=\"canonical\" href=\"http:\/\/pro-darter.com\/news\/politica-de-privacidad\/\" \/>\n<meta property=\"og:locale\" content=\"es_ES\" \/>\n<meta property=\"og:type\" content=\"article\" \/>\n<meta property=\"og:title\" content=\"Pol\u00edtica de privacidad\" \/>\n<meta property=\"og:description\" content=\"En https:\/\/pro-darter.com, valoramos la privacidad de nuestros visitantes. En https:\/\/pro-darter.com, entendemos la importancia de proteger la privacidad de su informaci\u00f3n personal. A continuaci\u00f3n, encontrar\u00e1 informaci\u00f3n sobre el tipo de datos personales que recopilamos y utilizamos cuando visita https:\/\/pro-darter.com, as\u00ed como las medidas que tomamos para proteger su informaci\u00f3n. Tenga en cuenta que nunca vendemos su...\" \/>\n<meta property=\"og:url\" content=\"http:\/\/pro-darter.com\/news\/politica-de-privacidad\/\" \/>\n<meta property=\"og:site_name\" content=\"Pro Darter - News\" \/>\n<meta property=\"article:modified_time\" content=\"2023-10-11T21:06:33+00:00\" \/>\n<meta name=\"twitter:card\" content=\"summary_large_image\" \/>\n<meta name=\"twitter:label1\" content=\"Tiempo de lectura\" \/>\n\t<meta name=\"twitter:data1\" content=\"3 minutos\" \/>\n<script type=\"application\/ld+json\" class=\"yoast-schema-graph\">{\"@context\":\"https:\/\/schema.org\",\"@graph\":[{\"@type\":\"WebPage\",\"@id\":\"http:\/\/pro-darter.com\/news\/politica-de-privacidad\/\",\"url\":\"http:\/\/pro-darter.com\/news\/politica-de-privacidad\/\",\"name\":\"Pol\u00edtica de privacidad\",\"isPartOf\":{\"@id\":\"https:\/\/pro-darter.com\/news\/#website\"},\"datePublished\":\"2023-10-10T21:04:00+00:00\",\"dateModified\":\"2023-10-11T21:06:33+00:00\",\"breadcrumb\":{\"@id\":\"http:\/\/pro-darter.com\/news\/politica-de-privacidad\/#breadcrumb\"},\"inLanguage\":\"es\",\"potentialAction\":[{\"@type\":\"ReadAction\",\"target\":[\"http:\/\/pro-darter.com\/news\/politica-de-privacidad\/\"]}]},{\"@type\":\"BreadcrumbList\",\"@id\":\"http:\/\/pro-darter.com\/news\/politica-de-privacidad\/#breadcrumb\",\"itemListElement\":[{\"@type\":\"ListItem\",\"position\":1,\"name\":\"Home\",\"item\":\"https:\/\/pro-darter.com\/news\/\"},{\"@type\":\"ListItem\",\"position\":2,\"name\":\"Pol\u00edtica de privacidad\"}]},{\"@type\":\"WebSite\",\"@id\":\"https:\/\/pro-darter.com\/news\/#website\",\"url\":\"https:\/\/pro-darter.com\/news\/\",\"name\":\"Pro Darter - News\",\"description\":\"\",\"publisher\":{\"@id\":\"https:\/\/pro-darter.com\/news\/#organization\"},\"potentialAction\":[{\"@type\":\"SearchAction\",\"target\":{\"@type\":\"EntryPoint\",\"urlTemplate\":\"https:\/\/pro-darter.com\/news\/?s={search_term_string}\"},\"query-input\":\"required name=search_term_string\"}],\"inLanguage\":\"es\"},{\"@type\":\"Organization\",\"@id\":\"https:\/\/pro-darter.com\/news\/#organization\",\"name\":\"Pro Darter - News\",\"url\":\"https:\/\/pro-darter.com\/news\/\",\"logo\":{\"@type\":\"ImageObject\",\"inLanguage\":\"es\",\"@id\":\"https:\/\/pro-darter.com\/news\/#\/schema\/logo\/image\/\",\"url\":\"https:\/\/pro-darter.com\/news\/wp-content\/uploads\/2023\/10\/steel-soft.png\",\"contentUrl\":\"https:\/\/pro-darter.com\/news\/wp-content\/uploads\/2023\/10\/steel-soft.png\",\"width\":600,\"height\":375,\"caption\":\"Pro Darter - News\"},\"image\":{\"@id\":\"https:\/\/pro-darter.com\/news\/#\/schema\/logo\/image\/\"}}]}<\/script>\n<!-- \/ Yoast SEO plugin. -->","yoast_head_json":{"title":"Pol\u00edtica de privacidad","robots":{"index":"index","follow":"follow","max-snippet":"max-snippet:-1","max-image-preview":"max-image-preview:large","max-video-preview":"max-video-preview:-1"},"canonical":"http:\/\/pro-darter.com\/news\/politica-de-privacidad\/","og_locale":"es_ES","og_type":"article","og_title":"Pol\u00edtica de privacidad","og_description":"En https:\/\/pro-darter.com, valoramos la privacidad de nuestros visitantes. En https:\/\/pro-darter.com, entendemos la importancia de proteger la privacidad de su informaci\u00f3n personal. A continuaci\u00f3n, encontrar\u00e1 informaci\u00f3n sobre el tipo de datos personales que recopilamos y utilizamos cuando visita https:\/\/pro-darter.com, as\u00ed como las medidas que tomamos para proteger su informaci\u00f3n. Tenga en cuenta que nunca vendemos su...","og_url":"http:\/\/pro-darter.com\/news\/politica-de-privacidad\/","og_site_name":"Pro Darter - News","article_modified_time":"2023-10-11T21:06:33+00:00","twitter_card":"summary_large_image","twitter_misc":{"Tiempo de lectura":"3 minutos"},"schema":{"@context":"https:\/\/schema.org","@graph":[{"@type":"WebPage","@id":"http:\/\/pro-darter.com\/news\/politica-de-privacidad\/","url":"http:\/\/pro-darter.com\/news\/politica-de-privacidad\/","name":"Pol\u00edtica de privacidad","isPartOf":{"@id":"https:\/\/pro-darter.com\/news\/#website"},"datePublished":"2023-10-10T21:04:00+00:00","dateModified":"2023-10-11T21:06:33+00:00","breadcrumb":{"@id":"http:\/\/pro-darter.com\/news\/politica-de-privacidad\/#breadcrumb"},"inLanguage":"es","potentialAction":[{"@type":"ReadAction","target":["http:\/\/pro-darter.com\/news\/politica-de-privacidad\/"]}]},{"@type":"BreadcrumbList","@id":"http:\/\/pro-darter.com\/news\/politica-de-privacidad\/#breadcrumb","itemListElement":[{"@type":"ListItem","position":1,"name":"Home","item":"https:\/\/pro-darter.com\/news\/"},{"@type":"ListItem","position":2,"name":"Pol\u00edtica de privacidad"}]},{"@type":"WebSite","@id":"https:\/\/pro-darter.com\/news\/#website","url":"https:\/\/pro-darter.com\/news\/","name":"Pro Darter - News","description":"","publisher":{"@id":"https:\/\/pro-darter.com\/news\/#organization"},"potentialAction":[{"@type":"SearchAction","target":{"@type":"EntryPoint","urlTemplate":"https:\/\/pro-darter.com\/news\/?s={search_term_string}"},"query-input":"required name=search_term_string"}],"inLanguage":"es"},{"@type":"Organization","@id":"https:\/\/pro-darter.com\/news\/#organization","name":"Pro Darter - News","url":"https:\/\/pro-darter.com\/news\/","logo":{"@type":"ImageObject","inLanguage":"es","@id":"https:\/\/pro-darter.com\/news\/#\/schema\/logo\/image\/","url":"https:\/\/pro-darter.com\/news\/wp-content\/uploads\/2023\/10\/steel-soft.png","contentUrl":"https:\/\/pro-darter.com\/news\/wp-content\/uploads\/2023\/10\/steel-soft.png","width":600,"height":375,"caption":"Pro Darter - News"},"image":{"@id":"https:\/\/pro-darter.com\/news\/#\/schema\/logo\/image\/"}}]}},"_links":{"self":[{"href":"https:\/\/pro-darter.com\/news\/wp-json\/wp\/v2\/pages\/81"}],"collection":[{"href":"https:\/\/pro-darter.com\/news\/wp-json\/wp\/v2\/pages"}],"about":[{"href":"https:\/\/pro-darter.com\/news\/wp-json\/wp\/v2\/types\/page"}],"author":[{"embeddable":true,"href":"https:\/\/pro-darter.com\/news\/wp-json\/wp\/v2\/users\/1"}],"replies":[{"embeddable":true,"href":"https:\/\/pro-darter.com\/news\/wp-json\/wp\/v2\/comments?post=81"}],"version-history":[{"count":1,"href":"https:\/\/pro-darter.com\/news\/wp-json\/wp\/v2\/pages\/81\/revisions"}],"predecessor-version":[{"id":82,"href":"https:\/\/pro-darter.com\/news\/wp-json\/wp\/v2\/pages\/81\/revisions\/82"}],"wp:attachment":[{"href":"https:\/\/pro-darter.com\/news\/wp-json\/wp\/v2\/media?parent=81"}],"curies":[{"name":"wp","href":"https:\/\/api.w.org\/{rel}","templated":true}]}}